{"id":293,"date":"2022-10-25T09:29:24","date_gmt":"2022-10-25T07:29:24","guid":{"rendered":"https:\/\/cabanes-des-gones.fr\/?page_id=293"},"modified":"2022-10-25T09:29:26","modified_gmt":"2022-10-25T07:29:26","slug":"mentions-legales","status":"publish","type":"page","link":"https:\/\/cabanes-des-gones.fr\/index.php\/mentions-legales\/","title":{"rendered":"Mentions l\u00e9gales"},"content":{"rendered":"\n<ul class=\"wp-block-list\"><li>Le site internet www.cabanes-des-gones.fr est \u00e9dit\u00e9 par la SAS cabanes des gones (repr\u00e9sent\u00e9 par BLONDIN Fran\u00e7ois) dont le si\u00e8ge sociale se situe 3 Impasse des coteaux de la Poyat 01480 FRANS. <\/li><li>email de contact: francois.blondin@orange.fr<\/li><li>Le site internet www.cabanes-des-gones.fr est h\u00e9berg\u00e9 par OVH, 2 rue Kellermann BP80157 59053 Roubaix cedex1<\/li><\/ul>\n","protected":false},"excerpt":{"rendered":"<p>Le site internet www.cabanes-des-gones.fr est \u00e9dit\u00e9 par la SAS cabanes des gones (repr\u00e9sent\u00e9 par BLONDIN Fran\u00e7ois) dont le si\u00e8ge sociale se situe 3 Impasse des coteaux de la Poyat 01480 FRANS. email de contact: francois.blondin@orange.fr Le site internet www.cabanes-des-gones.fr est h\u00e9berg\u00e9 par OVH, 2 rue Kellermann BP80157 59053 Roubaix cedex1<\/p>\n","protected":false},"author":1,"featured_media":0,"parent":0,"menu_order":0,"comment_status":"closed","ping_status":"closed","template":"","meta":{"_et_pb_use_builder":"off","_et_pb_old_content":"","_et_gb_content_width":"","footnotes":""},"class_list":["post-293","page","type-page","status-publish","hentry"],"yoast_head":"<!-- This site is optimized with the Yoast SEO plugin v25.8 - https:\/\/yoast.com\/wordpress\/plugins\/seo\/ -->\n<title>Mentions l\u00e9gales - cabanes-des-gones<\/title>\n<meta name=\"robots\" content=\"index, follow, max-snippet:-1, max-image-preview:large, max-video-preview:-1\" \/>\n<link rel=\"canonical\" href=\"https:\/\/cabanes-des-gones.fr\/index.php\/mentions-legales\/\" \/>\n<meta property=\"og:locale\" content=\"fr_FR\" \/>\n<meta property=\"og:type\" content=\"article\" \/>\n<meta property=\"og:title\" content=\"Mentions l\u00e9gales - cabanes-des-gones\" \/>\n<meta property=\"og:description\" content=\"Le site internet www.cabanes-des-gones.fr est \u00e9dit\u00e9 par la SAS cabanes des gones (repr\u00e9sent\u00e9 par BLONDIN Fran\u00e7ois) dont le si\u00e8ge sociale se situe 3 Impasse des coteaux de la Poyat 01480 FRANS. email de contact: francois.blondin@orange.fr Le site internet www.cabanes-des-gones.fr est h\u00e9berg\u00e9 par OVH, 2 rue Kellermann BP80157 59053 Roubaix cedex1\" \/>\n<meta property=\"og:url\" content=\"https:\/\/cabanes-des-gones.fr\/index.php\/mentions-legales\/\" \/>\n<meta property=\"og:site_name\" content=\"cabanes-des-gones\" \/>\n<meta property=\"article:modified_time\" content=\"2022-10-25T07:29:26+00:00\" \/>\n<meta name=\"twitter:card\" content=\"summary_large_image\" \/>\n<script type=\"application\/ld+json\" class=\"yoast-schema-graph\">{\"@context\":\"https:\/\/schema.org\",\"@graph\":[{\"@type\":\"WebPage\",\"@id\":\"https:\/\/cabanes-des-gones.fr\/index.php\/mentions-legales\/\",\"url\":\"https:\/\/cabanes-des-gones.fr\/index.php\/mentions-legales\/\",\"name\":\"Mentions l\u00e9gales - cabanes-des-gones\",\"isPartOf\":{\"@id\":\"https:\/\/cabanes-des-gones.fr\/#website\"},\"datePublished\":\"2022-10-25T07:29:24+00:00\",\"dateModified\":\"2022-10-25T07:29:26+00:00\",\"breadcrumb\":{\"@id\":\"https:\/\/cabanes-des-gones.fr\/index.php\/mentions-legales\/#breadcrumb\"},\"inLanguage\":\"fr-FR\",\"potentialAction\":[{\"@type\":\"ReadAction\",\"target\":[\"https:\/\/cabanes-des-gones.fr\/index.php\/mentions-legales\/\"]}]},{\"@type\":\"BreadcrumbList\",\"@id\":\"https:\/\/cabanes-des-gones.fr\/index.php\/mentions-legales\/#breadcrumb\",\"itemListElement\":[{\"@type\":\"ListItem\",\"position\":1,\"name\":\"Accueil\",\"item\":\"https:\/\/cabanes-des-gones.fr\/\"},{\"@type\":\"ListItem\",\"position\":2,\"name\":\"Mentions l\u00e9gales\"}]},{\"@type\":\"WebSite\",\"@id\":\"https:\/\/cabanes-des-gones.fr\/#website\",\"url\":\"https:\/\/cabanes-des-gones.fr\/\",\"name\":\"cabanes-des-gones\",\"description\":\"Artisan pour le plaisir des enfants\",\"potentialAction\":[{\"@type\":\"SearchAction\",\"target\":{\"@type\":\"EntryPoint\",\"urlTemplate\":\"https:\/\/cabanes-des-gones.fr\/?s={search_term_string}\"},\"query-input\":{\"@type\":\"PropertyValueSpecification\",\"valueRequired\":true,\"valueName\":\"search_term_string\"}}],\"inLanguage\":\"fr-FR\"}]}<\/script>\n<!-- \/ Yoast SEO plugin. -->","yoast_head_json":{"title":"Mentions l\u00e9gales - cabanes-des-gones","robots":{"index":"index","follow":"follow","max-snippet":"max-snippet:-1","max-image-preview":"max-image-preview:large","max-video-preview":"max-video-preview:-1"},"canonical":"https:\/\/cabanes-des-gones.fr\/index.php\/mentions-legales\/","og_locale":"fr_FR","og_type":"article","og_title":"Mentions l\u00e9gales - cabanes-des-gones","og_description":"Le site internet www.cabanes-des-gones.fr est \u00e9dit\u00e9 par la SAS cabanes des gones (repr\u00e9sent\u00e9 par BLONDIN Fran\u00e7ois) dont le si\u00e8ge sociale se situe 3 Impasse des coteaux de la Poyat 01480 FRANS. email de contact: francois.blondin@orange.fr Le site internet www.cabanes-des-gones.fr est h\u00e9berg\u00e9 par OVH, 2 rue Kellermann BP80157 59053 Roubaix cedex1","og_url":"https:\/\/cabanes-des-gones.fr\/index.php\/mentions-legales\/","og_site_name":"cabanes-des-gones","article_modified_time":"2022-10-25T07:29:26+00:00","twitter_card":"summary_large_image","schema":{"@context":"https:\/\/schema.org","@graph":[{"@type":"WebPage","@id":"https:\/\/cabanes-des-gones.fr\/index.php\/mentions-legales\/","url":"https:\/\/cabanes-des-gones.fr\/index.php\/mentions-legales\/","name":"Mentions l\u00e9gales - cabanes-des-gones","isPartOf":{"@id":"https:\/\/cabanes-des-gones.fr\/#website"},"datePublished":"2022-10-25T07:29:24+00:00","dateModified":"2022-10-25T07:29:26+00:00","breadcrumb":{"@id":"https:\/\/cabanes-des-gones.fr\/index.php\/mentions-legales\/#breadcrumb"},"inLanguage":"fr-FR","potentialAction":[{"@type":"ReadAction","target":["https:\/\/cabanes-des-gones.fr\/index.php\/mentions-legales\/"]}]},{"@type":"BreadcrumbList","@id":"https:\/\/cabanes-des-gones.fr\/index.php\/mentions-legales\/#breadcrumb","itemListElement":[{"@type":"ListItem","position":1,"name":"Accueil","item":"https:\/\/cabanes-des-gones.fr\/"},{"@type":"ListItem","position":2,"name":"Mentions l\u00e9gales"}]},{"@type":"WebSite","@id":"https:\/\/cabanes-des-gones.fr\/#website","url":"https:\/\/cabanes-des-gones.fr\/","name":"cabanes-des-gones","description":"Artisan pour le plaisir des enfants","potentialAction":[{"@type":"SearchAction","target":{"@type":"EntryPoint","urlTemplate":"https:\/\/cabanes-des-gones.fr\/?s={search_term_string}"},"query-input":{"@type":"PropertyValueSpecification","valueRequired":true,"valueName":"search_term_string"}}],"inLanguage":"fr-FR"}]}},"jetpack_sharing_enabled":true,"_links":{"self":[{"href":"https:\/\/cabanes-des-gones.fr\/index.php\/wp-json\/wp\/v2\/pages\/293","targetHints":{"allow":["GET"]}}],"collection":[{"href":"https:\/\/cabanes-des-gones.fr\/index.php\/wp-json\/wp\/v2\/pages"}],"about":[{"href":"https:\/\/cabanes-des-gones.fr\/index.php\/wp-json\/wp\/v2\/types\/page"}],"author":[{"embeddable":true,"href":"https:\/\/cabanes-des-gones.fr\/index.php\/wp-json\/wp\/v2\/users\/1"}],"replies":[{"embeddable":true,"href":"https:\/\/cabanes-des-gones.fr\/index.php\/wp-json\/wp\/v2\/comments?post=293"}],"version-history":[{"count":1,"href":"https:\/\/cabanes-des-gones.fr\/index.php\/wp-json\/wp\/v2\/pages\/293\/revisions"}],"predecessor-version":[{"id":294,"href":"https:\/\/cabanes-des-gones.fr\/index.php\/wp-json\/wp\/v2\/pages\/293\/revisions\/294"}],"wp:attachment":[{"href":"https:\/\/cabanes-des-gones.fr\/index.php\/wp-json\/wp\/v2\/media?parent=293"}],"curies":[{"name":"wp","href":"https:\/\/api.w.org\/{rel}","templated":true}]}}